{"id":37,"date":"2015-03-23T10:12:46","date_gmt":"2015-03-23T09:12:46","guid":{"rendered":"http:\/\/carolinewijk.se\/?page_id=37"},"modified":"2026-01-19T09:12:00","modified_gmt":"2026-01-19T08:12:00","slug":"fonderstipendier","status":"publish","type":"page","link":"https:\/\/carolinewijk.se\/?page_id=37","title":{"rendered":"Fonder\/Stipendier"},"content":{"rendered":"\n<p><strong>Stiftelsen Caroline Wijks Sjuksk\u00f6terskehem<br><\/strong>F\u00f6r n\u00e4rvarande delar stiftelsen inte ut n\u00e5gra stipendier, stiftelsen h\u00e4nvisar till:<\/p>\n\n\n\n<p><strong><em>Stiftelsen Sjuksk\u00f6terskornas Minnesfond<br><\/em><\/strong><em>Stiftelsen Sjuksk\u00f6terskornas Minnesfond utdelar bidrag till sjuksk\u00f6terskor som har varit verksamma i G\u00f6teborg med omnejd. Bidrag kan s\u00f6kas av den som p\u00e5 grund av \u00e5lder eller sjukdom ej kan arbeta eller som har otillr\u00e4cklig pension\/inkomst.<\/em><\/p>\n\n\n\n<p><em>Ans\u00f6kningshandlingar rekvireras fr\u00e5n Margareta Bostr\u00f6m, Hyvelsp\u00e5nsgatan 11, 416 80 G\u00f6teborg.<br>Ans\u00f6kan till stiftelsen sker i oktober \u00e5rligen.<\/em><\/p>\n\n\n\n<p>F\u00f6r ytterligare info kontakta:<br>Mats Svensson<br>Mobil: 0705-802774<\/p>\n","protected":false},"excerpt":{"rendered":"<p>Stiftelsen Caroline Wijks Sjuksk\u00f6terskehemF\u00f6r n\u00e4rvarande delar stiftelsen inte ut n\u00e5gra stipendier, stiftelsen h\u00e4nvisar till: Stiftelsen Sjuksk\u00f6terskornas MinnesfondStiftelsen Sjuksk\u00f6terskornas Minnesfond utdelar bidrag till sjuksk\u00f6terskor som har varit verksamma i G\u00f6teborg med omnejd. Bidrag kan s\u00f6kas av den som p\u00e5 grund av \u00e5lder eller sjukdom ej kan arbeta eller som har otillr\u00e4cklig pension\/inkomst. Ans\u00f6kningshandlingar rekvireras fr\u00e5n Margareta [&hellip;]<\/p>\n","protected":false},"author":3,"featured_media":0,"parent":0,"menu_order":0,"comment_status":"closed","ping_status":"closed","template":"","meta":{"_exactmetrics_skip_tracking":false,"_exactmetrics_sitenote_active":false,"_exactmetrics_sitenote_note":"","_exactmetrics_sitenote_category":0,"footnotes":""},"class_list":["post-37","page","type-page","status-publish","hentry"],"_links":{"self":[{"href":"https:\/\/carolinewijk.se\/index.php?rest_route=\/wp\/v2\/pages\/37","targetHints":{"allow":["GET"]}}],"collection":[{"href":"https:\/\/carolinewijk.se\/index.php?rest_route=\/wp\/v2\/pages"}],"about":[{"href":"https:\/\/carolinewijk.se\/index.php?rest_route=\/wp\/v2\/types\/page"}],"author":[{"embeddable":true,"href":"https:\/\/carolinewijk.se\/index.php?rest_route=\/wp\/v2\/users\/3"}],"replies":[{"embeddable":true,"href":"https:\/\/carolinewijk.se\/index.php?rest_route=%2Fwp%2Fv2%2Fcomments&post=37"}],"version-history":[{"count":24,"href":"https:\/\/carolinewijk.se\/index.php?rest_route=\/wp\/v2\/pages\/37\/revisions"}],"predecessor-version":[{"id":1026,"href":"https:\/\/carolinewijk.se\/index.php?rest_route=\/wp\/v2\/pages\/37\/revisions\/1026"}],"wp:attachment":[{"href":"https:\/\/carolinewijk.se\/index.php?rest_route=%2Fwp%2Fv2%2Fmedia&parent=37"}],"curies":[{"name":"wp","href":"https:\/\/api.w.org\/{rel}","templated":true}]}}