{"id":35,"date":"2014-03-31T18:11:57","date_gmt":"2014-03-31T16:11:57","guid":{"rendered":"http:\/\/carolinewijk.se\/?page_id=35"},"modified":"2024-01-24T12:15:26","modified_gmt":"2024-01-24T11:15:26","slug":"konferanser","status":"publish","type":"page","link":"https:\/\/carolinewijk.se\/?page_id=35","title":{"rendered":"Samlingslokal"},"content":{"rendered":"<p><b>M\u00f6teslokal<\/b><b><br \/>\n<\/b>Det finns utrymme f\u00f6r konferens eller enklare tillst\u00e4llning s\u00e5 som (dop kaffe, minnesstund, student-mottagning, V\u00e5ningen best\u00e5r av tre salonger och \u00e4r l\u00e4mpad f\u00f6r max 50 personer, I anslutning finns ocks\u00e5 ett st\u00f6rre k\u00f6k med tillg\u00e5ng till porslin, glas av olika sorter, kaffebryggare, spis, kylsk\u00e5p mm f\u00f6r 50 personer.<\/p>\n<p>Lokalen hyrs ut mellan 09:00-22:00.<\/p>\n<p><b><\/b>Lokalen \u00e4r dessutom utrustad med projektor och duk f\u00f6r konferens m\u00f6jligheter.<\/p>\n<p>F\u00f6rfr\u00e5gan om att hyra v\u00e4nligen mejla till glenn.johannesson@sbc.se<\/p>\n<figure id=\"attachment_17\" aria-describedby=\"caption-attachment-17\" style=\"width: 500px\" class=\"wp-caption alignnone\"><a href=\"https:\/\/carolinewijk.se\/wp-content\/uploads\/2014\/03\/KonferansV.jpg\"><img loading=\"lazy\" decoding=\"async\" class=\"size-full wp-image-17\" title=\"Konferensrummet\" src=\"https:\/\/carolinewijk.se\/wp-content\/uploads\/2014\/03\/KonferansV.jpg\" alt=\"KonferansV\" width=\"500\" height=\"334\" srcset=\"https:\/\/carolinewijk.se\/wp-content\/uploads\/2014\/03\/KonferansV.jpg 500w, https:\/\/carolinewijk.se\/wp-content\/uploads\/2014\/03\/KonferansV-300x200.jpg 300w, https:\/\/carolinewijk.se\/wp-content\/uploads\/2014\/03\/KonferansV-100x66.jpg 100w, https:\/\/carolinewijk.se\/wp-content\/uploads\/2014\/03\/KonferansV-150x100.jpg 150w, https:\/\/carolinewijk.se\/wp-content\/uploads\/2014\/03\/KonferansV-200x133.jpg 200w, https:\/\/carolinewijk.se\/wp-content\/uploads\/2014\/03\/KonferansV-450x300.jpg 450w\" sizes=\"auto, (max-width: 500px) 100vw, 500px\" \/><\/a><figcaption id=\"caption-attachment-17\" class=\"wp-caption-text\">Konferensrummet<\/figcaption><\/figure>\n<figure id=\"attachment_22\" aria-describedby=\"caption-attachment-22\" style=\"width: 500px\" class=\"wp-caption alignnone\"><a href=\"https:\/\/carolinewijk.se\/wp-content\/uploads\/2014\/03\/Matsal1.jpg\"><img loading=\"lazy\" decoding=\"async\" class=\"size-full wp-image-22\" src=\"https:\/\/carolinewijk.se\/wp-content\/uploads\/2014\/03\/Matsal1.jpg\" alt=\"Matsalen\" width=\"500\" height=\"372\" srcset=\"https:\/\/carolinewijk.se\/wp-content\/uploads\/2014\/03\/Matsal1.jpg 500w, https:\/\/carolinewijk.se\/wp-content\/uploads\/2014\/03\/Matsal1-300x223.jpg 300w, https:\/\/carolinewijk.se\/wp-content\/uploads\/2014\/03\/Matsal1-100x74.jpg 100w, https:\/\/carolinewijk.se\/wp-content\/uploads\/2014\/03\/Matsal1-150x111.jpg 150w, https:\/\/carolinewijk.se\/wp-content\/uploads\/2014\/03\/Matsal1-200x148.jpg 200w, https:\/\/carolinewijk.se\/wp-content\/uploads\/2014\/03\/Matsal1-450x334.jpg 450w\" sizes=\"auto, (max-width: 500px) 100vw, 500px\" \/><\/a><figcaption id=\"caption-attachment-22\" class=\"wp-caption-text\">Matsalen<\/figcaption><\/figure>\n","protected":false},"excerpt":{"rendered":"<p>M\u00f6teslokal Det finns utrymme f\u00f6r konferens eller enklare tillst\u00e4llning s\u00e5 som (dop kaffe, minnesstund, student-mottagning, V\u00e5ningen best\u00e5r av tre salonger och \u00e4r l\u00e4mpad f\u00f6r max 50 personer, I anslutning finns ocks\u00e5 ett st\u00f6rre k\u00f6k med tillg\u00e5ng till porslin, glas av olika sorter, kaffebryggare, spis, kylsk\u00e5p mm f\u00f6r 50 personer. Lokalen hyrs ut mellan 09:00-22:00. Lokalen [&hellip;]<\/p>\n","protected":false},"author":3,"featured_media":0,"parent":0,"menu_order":0,"comment_status":"closed","ping_status":"closed","template":"","meta":{"_exactmetrics_skip_tracking":false,"_exactmetrics_sitenote_active":false,"_exactmetrics_sitenote_note":"","_exactmetrics_sitenote_category":0,"footnotes":""},"class_list":["post-35","page","type-page","status-publish","hentry"],"_links":{"self":[{"href":"https:\/\/carolinewijk.se\/index.php?rest_route=\/wp\/v2\/pages\/35","targetHints":{"allow":["GET"]}}],"collection":[{"href":"https:\/\/carolinewijk.se\/index.php?rest_route=\/wp\/v2\/pages"}],"about":[{"href":"https:\/\/carolinewijk.se\/index.php?rest_route=\/wp\/v2\/types\/page"}],"author":[{"embeddable":true,"href":"https:\/\/carolinewijk.se\/index.php?rest_route=\/wp\/v2\/users\/3"}],"replies":[{"embeddable":true,"href":"https:\/\/carolinewijk.se\/index.php?rest_route=%2Fwp%2Fv2%2Fcomments&post=35"}],"version-history":[{"count":6,"href":"https:\/\/carolinewijk.se\/index.php?rest_route=\/wp\/v2\/pages\/35\/revisions"}],"predecessor-version":[{"id":865,"href":"https:\/\/carolinewijk.se\/index.php?rest_route=\/wp\/v2\/pages\/35\/revisions\/865"}],"wp:attachment":[{"href":"https:\/\/carolinewijk.se\/index.php?rest_route=%2Fwp%2Fv2%2Fmedia&parent=35"}],"curies":[{"name":"wp","href":"https:\/\/api.w.org\/{rel}","templated":true}]}}