{"id":31,"date":"2014-03-31T18:09:03","date_gmt":"2014-03-31T16:09:03","guid":{"rendered":"http:\/\/carolinewijk.se\/?page_id=31"},"modified":"2024-12-11T10:18:36","modified_gmt":"2024-12-11T09:18:36","slug":"stiftelsens-styrelse","status":"publish","type":"page","link":"https:\/\/carolinewijk.se\/?page_id=31","title":{"rendered":"Stiftelsens Styrelse"},"content":{"rendered":"<table border=\"0\" width=\"60%\" cellpadding=\"0\">\n<tbody>\n<tr>\n<td valign=\"top\" width=\"169\">Styrelsen 2024<\/td>\n<td valign=\"top\" width=\"203\"><\/td>\n<td valign=\"top\" width=\"173\"><\/td>\n<td valign=\"top\" width=\"205\"><\/td>\n<\/tr>\n<tr>\n<td valign=\"top\" width=\"169\">Ordf\u00f6rande<\/td>\n<td valign=\"top\" width=\"203\">Ann-Catrin Ahlgren<br \/>\nSp\u00e4nstv\u00e4gen 15<br \/>\n423 63 Torslanda<br \/>\n079-336 07 88<\/td>\n<td valign=\"top\" width=\"173\">Vice Ordf\u00f6rande<\/td>\n<td valign=\"top\" width=\"205\">Joen Holmberg<br \/>\nSkyttev\u00e4gen\u00a08<br \/>\n436 51 Hov\u00e5s<br \/>\nTelefon: 031-28 11 02<br \/>\nMobil: 0703-48 11 02<\/td>\n<\/tr>\n<tr>\n<td valign=\"top\" width=\"169\"><\/td>\n<td valign=\"top\" width=\"203\"><\/td>\n<td valign=\"top\" width=\"173\"><\/td>\n<td valign=\"top\" width=\"205\"><\/td>\n<\/tr>\n<tr>\n<td valign=\"top\" width=\"169\">Sekreterare<\/td>\n<td valign=\"top\" width=\"203\">Mats Svensson<br \/>\nJ\u00e4ttkullegatan 26<br \/>\n415 72\u00a0 G\u00f6teborg<br \/>\nMobil: 0705-802774<\/td>\n<td valign=\"top\" width=\"173\">Kassaf\u00f6rvaltare<\/td>\n<td valign=\"top\" width=\"205\">Margaretha Carling<br \/>\nIngelstorpv\u00e4gen\u00a027<br \/>\n269 95 B\u00e5stad<br \/>\nTelefon: 0431-36 55 17<br \/>\nMobil: 0705-24 38 03<\/td>\n<\/tr>\n<tr>\n<td valign=\"top\" width=\"169\"><\/td>\n<td valign=\"top\" width=\"203\"><\/td>\n<td valign=\"top\" width=\"173\"><\/td>\n<td valign=\"top\" width=\"205\"><\/td>\n<\/tr>\n<tr>\n<td valign=\"top\" width=\"169\">Ledamot<\/td>\n<td valign=\"top\" width=\"203\">Carina Iloson<br \/>\n\u00d6vre Majorsgatan 14C413 08<br \/>\nMobil: 0700-82 21 31<\/td>\n<td valign=\"top\" width=\"173\">Suppleant<\/td>\n<td class=\"suppleant\" valign=\"top\" width=\"205\"><\/td>\n<\/tr>\n<tr>\n<td valign=\"top\" width=\"169\">Revisorer<\/td>\n<td valign=\"top\" width=\"203\"><\/td>\n<td valign=\"top\" width=\"173\"><\/td>\n<td valign=\"top\" width=\"205\"><\/td>\n<\/tr>\n<tr>\n<td valign=\"top\" width=\"169\"><\/td>\n<td valign=\"top\" width=\"203\">Ernst &amp; Young<\/td>\n<td valign=\"top\" width=\"173\"><\/td>\n<td valign=\"top\" width=\"205\"><\/td>\n<\/tr>\n<\/tbody>\n<\/table>\n","protected":false},"excerpt":{"rendered":"<p>Styrelsen 2024 Ordf\u00f6rande Ann-Catrin Ahlgren Sp\u00e4nstv\u00e4gen 15 423 63 Torslanda 079-336 07 88 Vice Ordf\u00f6rande Joen Holmberg Skyttev\u00e4gen\u00a08 436 51 Hov\u00e5s Telefon: 031-28 11 02 Mobil: 0703-48 11 02 Sekreterare Mats Svensson J\u00e4ttkullegatan 26 415 72\u00a0 G\u00f6teborg Mobil: 0705-802774 Kassaf\u00f6rvaltare Margaretha Carling Ingelstorpv\u00e4gen\u00a027 269 95 B\u00e5stad Telefon: 0431-36 55 17 Mobil: 0705-24 38 03 Ledamot [&hellip;]<\/p>\n","protected":false},"author":3,"featured_media":0,"parent":0,"menu_order":0,"comment_status":"closed","ping_status":"closed","template":"","meta":{"_exactmetrics_skip_tracking":false,"_exactmetrics_sitenote_active":false,"_exactmetrics_sitenote_note":"","_exactmetrics_sitenote_category":0,"footnotes":""},"class_list":["post-31","page","type-page","status-publish","hentry"],"_links":{"self":[{"href":"https:\/\/carolinewijk.se\/index.php?rest_route=\/wp\/v2\/pages\/31","targetHints":{"allow":["GET"]}}],"collection":[{"href":"https:\/\/carolinewijk.se\/index.php?rest_route=\/wp\/v2\/pages"}],"about":[{"href":"https:\/\/carolinewijk.se\/index.php?rest_route=\/wp\/v2\/types\/page"}],"author":[{"embeddable":true,"href":"https:\/\/carolinewijk.se\/index.php?rest_route=\/wp\/v2\/users\/3"}],"replies":[{"embeddable":true,"href":"https:\/\/carolinewijk.se\/index.php?rest_route=%2Fwp%2Fv2%2Fcomments&post=31"}],"version-history":[{"count":14,"href":"https:\/\/carolinewijk.se\/index.php?rest_route=\/wp\/v2\/pages\/31\/revisions"}],"predecessor-version":[{"id":956,"href":"https:\/\/carolinewijk.se\/index.php?rest_route=\/wp\/v2\/pages\/31\/revisions\/956"}],"wp:attachment":[{"href":"https:\/\/carolinewijk.se\/index.php?rest_route=%2Fwp%2Fv2%2Fmedia&parent=31"}],"curies":[{"name":"wp","href":"https:\/\/api.w.org\/{rel}","templated":true}]}}