{"id":29,"date":"2014-03-31T18:08:00","date_gmt":"2014-03-31T16:08:00","guid":{"rendered":"http:\/\/carolinewijk.se\/?page_id=29"},"modified":"2019-04-01T16:11:59","modified_gmt":"2019-04-01T14:11:59","slug":"stiftelsens-andamal","status":"publish","type":"page","link":"https:\/\/carolinewijk.se\/?page_id=29","title":{"rendered":"Stiftelsens \u00e4ndam\u00e5l"},"content":{"rendered":"<table border=\"0\" cellspacing=\"0\" cellpadding=\"0\">\n<tbody>\n<tr>\n<td valign=\"top\" width=\"614\"><span style=\"color: #000000;\"><b>Reglemente f\u00f6r stiftelsen Caroline Wijks sjuksk\u00f6terskehem<\/b>\u00a0<\/span><\/p>\n<p style=\"text-align: center;\" align=\"center\"><span style=\"color: #000000;\">\u00a7 1<\/span><\/p>\n<p><span style=\"color: #000000;\">Stiftelsens bildandegrundar sig p\u00e5 best\u00e4mmelserna i en av \u00e4nkefru Caroline Wijk till G\u00f6teborgs dr\u00e4tselkammare ingiven skrivelse av den 29 november 1915 och ett av henne den 20 oktober 1916 uppr\u00e4ttat testamente. Dessa tv\u00e5 donationsurkunder finnas intagna i G\u00f6teborgs stadsfullm\u00e4ktiges tryckta handling n:o\u00a0109 f\u00f6r \u00e5r 1918.<\/span><\/p>\n<p><span style=\"color: #000000;\">Stiftelsens ben\u00e4mning \u00e4r \u201dStiftelsen Caroline Wijks sjuksk\u00f6terskehem\u201d<\/span><\/p>\n<p><span style=\"color: #000000;\">Stiftelsen ha till \u00e4ndam\u00e5l att bereda sjuksk\u00f6terskor i G\u00f6teborg ett gott hem d\u00e4r de under sin anstr\u00e4ngande och slitande yrkesut\u00f6vning kan komma i \u00e5tnjutande av v\u00e4l beh\u00f6vlig lugn och trevnad.<\/span><\/p>\n<p><span style=\"color: #000000;\">\u00d6verv\u00e5ningen i sjuksk\u00f6terskehemmet f\u00e5r anv\u00e4ndas till sjuksk\u00f6terskornas i G\u00f6teborg fackliga verksamhet, eventuellt tillsammans med andra yrkesgrupper inom v\u00e5rdsektorn, bostadsrummen p\u00e5 hemmet f\u00e5r uthyras till studerande och yrkesut\u00f6vare inom v\u00e5rdsektorn i den m\u00e5n sjuksk\u00f6terskor ej anm\u00e4ler sig. Souterr\u00e4ngv\u00e5ningen f\u00e5r uthyras till l\u00e4mplig verksamhet inom h\u00e4lso-, sjuk- eller socialv\u00e5rd.<\/span><\/p>\n<p style=\"text-align: center;\" align=\"center\"><span style=\"color: #000000;\">\u00a7 2<\/span><\/p>\n<p><span style=\"color: #000000;\">Stiftelsen f\u00f6rvaltas av en styrelse, best\u00e5ende av fem ledam\u00f6ter samt, om styrelsen s\u00e5 beslutar, en suppleant.<\/span><\/p>\n<p><span style=\"color: #000000;\">Av styrelsens ledam\u00f6ter v\u00e4ljs en av styrelsen f\u00f6r G\u00f6teborgs l\u00e4karf\u00f6rening, en av styrelsen f\u00f6r Fredrika Bremerf\u00f6rbundet och en av styrelsen f\u00f6r V\u00e5rdf\u00f6rbundets avdelning i V\u00e4stra G\u00f6taland samt de tv\u00e5 \u00e5terst\u00e5ende ledam\u00f6terna av de s\u00e5lunda utsedda tre ledam\u00f6terna i styrelsen. Om enligt beslut av styrelsen suppleant skall utses v\u00e4ljes suppleanten av styrelsen.<\/span><\/p>\n<p><span style=\"color: #000000;\">Ledam\u00f6ter och suppleant v\u00e4ljs f\u00f6r ett kalender\u00e5r i taget. Avg\u00e5r n\u00e5gon f\u00f6re kalender\u00e5rets slut skall annan person utses f\u00f6r resterande del av kalender\u00e5ret.<\/span><\/p>\n<p><span style=\"color: #000000;\">Fr\u00e5n och med kalender\u00e5ret 2006 skall tre ledam\u00f6ter utses f\u00f6r tv\u00e5 kalender\u00e5r och fr\u00e5n och med 2007 skall resterande tv\u00e5 ledam\u00f6ter utses f\u00f6r tv\u00e5 kalender\u00e5r.<\/span><\/p>\n<p style=\"text-align: center;\" align=\"center\"><span style=\"color: #000000;\">\u00a7 3<\/span><\/p>\n<p><span style=\"color: #000000;\">Vid f\u00f6rvaltningen av stiftelsen ligger det styrelsen att f\u00f6lja \u00e4ndam\u00e5let s\u00e5 som det \u00e4r angivet i \u00a7 1 h\u00e4r ovan.<\/span><\/p>\n<p><span style=\"color: #000000;\">Det \u00e5ligger styrelsen s\u00e4rskilt:<\/span><\/p>\n<p><span style=\"color: #000000;\"><b>att<\/b>\u00a0v\u00e5rda och underh\u00e5lla till stiftelsen h\u00f6rande byggnad och inventarier samt h\u00e5lla dem f\u00f6rs\u00e4krade;<\/span><\/p>\n<p><span style=\"color: #000000;\"><b>att<\/b>\u00a0f\u00f6rvalta stiftelsens f\u00f6rm\u00f6genhet p\u00e5 ett godtagbart s\u00e4tt i enlighet med av styrelsen uppr\u00e4ttade riktlinjer;<\/span><\/p>\n<p><span style=\"color: #000000;\"><b>att<\/b>\u00a0tillse att r\u00e4kenskaperna sk\u00f6ts i enlighet med god redovisningssed samt att stiftelsens r\u00e4kenskaps\u00e5r skall vara kalender\u00e5r; samt<\/span><\/p>\n<p><span style=\"color: #000000;\"><b>att<\/b>\u00a0\u00f6vervaka ordningen inom stiftelsen samt d\u00e4rf\u00f6r l\u00e4mna erforderliga f\u00f6reskrifter.<\/span><\/p>\n<p><span style=\"color: #000000;\">Om styrelsen sj\u00e4lv omh\u00e4nderhar uthyrningen av stiftelsens lokaler, \u00e5ligger det styrelsen<\/span><\/p>\n<p><span style=\"color: #000000;\"><b>att<\/b>\u00a0anst\u00e4lla f\u00f6rest\u00e5ndarinna f\u00f6r hemmet och fastst\u00e4lla instruktion f\u00f6r henne, och<\/span><\/p>\n<p><span style=\"color: #000000;\"><b>att<\/b>\u00a0efter f\u00f6rslag av f\u00f6rest\u00e5ndarinnan anst\u00e4lla och avskeda den personal som beh\u00f6vs f\u00f6r hemmets drift samt att fastst\u00e4lla avl\u00f6ningsf\u00f6rm\u00e5ner och instruktioner f\u00f6r personalen.<\/span><\/p>\n<p style=\"text-align: center;\" align=\"center\"><span style=\"color: #000000;\">\u00a7 4<\/span><\/p>\n<p><span style=\"color: #000000;\">Vid f\u00f6rsta sammantr\u00e4det varje \u00e5r v\u00e4ljer styrelsen inom sig en ordf\u00f6rande och en vice ordf\u00f6rande. Om n\u00e5gon av de valda avg\u00e5r under \u00e5ret, f\u00f6rr\u00e4ttas nytt val f\u00f6r utseende av eftertr\u00e4dare i den avg\u00e5ngnes st\u00e4lle.<\/span><\/p>\n<p><span style=\"color: #000000;\">Vid tillf\u00e4lligt f\u00f6rhinder f\u00f6r s\u00e5v\u00e4l ordf\u00f6rande som vice ordf\u00f6rande utser styrelsen annan ledamot att f\u00f6ra ordet.<\/span><\/p>\n<p style=\"text-align: center;\" align=\"center\"><span style=\"color: #000000;\">\u00a7 5<\/span><\/p>\n<p><span style=\"color: #000000;\">Styrelsen sammantr\u00e4der p\u00e5 kallelse av ordf\u00f6rande, s\u00e5 ofta denne finner det n\u00f6dv\u00e4ndigt eller d\u00e5 minst en av de \u00f6vriga ledam\u00f6terna s\u00e5 beg\u00e4r.<\/span><\/p>\n<p><span style=\"color: #000000;\">Kallelse samt dagordning till sammantr\u00e4det b\u00f6r vara styrelsen tillhanda i god tid f\u00f6re sammantr\u00e4det.<\/span><\/p>\n<p><span style=\"color: #000000;\">Ledamot skall i god tid anm\u00e4la f\u00f6rhinder att delta p\u00e5 styrelsem\u00f6te.<\/span><\/p>\n<p style=\"text-align: center;\" align=\"center\"><span style=\"color: #000000;\">\u00a7 6<\/span><\/p>\n<p><span style=\"color: #000000;\">Styrelsen \u00e4r beslutm\u00e4ssig n\u00e4r minst tre ledam\u00f6ter \u00e4r n\u00e4rvarande. P\u00e5 beg\u00e4ran av ledamot skall omr\u00f6stning ske och vid val skall detta ske genom sluten omr\u00f6stning som n\u00e5gon ledamot s\u00e5 beg\u00e4r. Beslut fattas med enkel majoritet. Vid lika r\u00f6stetal g\u00e4ller vid val lotten, och i \u00f6vriga fr\u00e5gor den mening som tj\u00e4nstg\u00f6rande ordf\u00f6rande bitr\u00e4der.<\/span><\/p>\n<p style=\"text-align: center;\" align=\"center\"><span style=\"color: #000000;\">\u00a7 7<\/span><\/p>\n<p><span style=\"color: #000000;\"><b>Mom. 1.<\/b>\u00a0F\u00f6rekommer fr\u00e5ga, vars utg\u00e5ng kan medf\u00f6ra nytta eller skada f\u00f6r ledamot eller suppleant i styrelsen, eller f\u00f6r n\u00e5gon honom n\u00e4rst\u00e5ende f\u00e5r denna inte delat i \u00f6verl\u00e4ggning eller beslutet.<\/span><\/p>\n<p><span style=\"color: #000000;\"><b>Mom. 2.<\/b>\u00a0En styrelseledamot f\u00e5r inte handl\u00e4gga fr\u00e5gor som r\u00f6r avtal mellan honom och stiftelsen. Han f\u00e5r inte heller handl\u00e4gga fr\u00e5gor om avtal mellan stiftelsen och tredje man, om han i fr\u00e5gan har ett v\u00e4sentligt intresse som kan strida mot stiftelsens. Med avtal j\u00e4mst\u00e4lls annan r\u00e4ttshandling samt r\u00e4tteg\u00e5ng eller annan talan.<\/span><\/p>\n<p><span style=\"color: #000000;\"><b>Mom. 3.<\/b>\u00a0Leverans eller entreprenad m\u00e5 icke uppl\u00e5tas \u00e5t den som \u00e4r anst\u00e4lld i styrelsens tj\u00e4nst.<\/span><\/p>\n<p style=\"text-align: center;\" align=\"center\"><span style=\"color: #000000;\">\u00a7 8<\/span><\/p>\n<p><span style=\"color: #000000;\">Vid styrelsens sammantr\u00e4de skall protokoll f\u00f6ras \u00f6ver de beslut som fattas samt vilka som n\u00e4rvarit. Ledamot eller suppleant har r\u00e4tt att i protokollsanteckning bifoga sin mening till protokollet. Protokollet skall justeras senast vid n\u00e4stkommande styrelsem\u00f6te.<\/span><\/p>\n<p style=\"text-align: center;\" align=\"center\"><span style=\"color: #000000;\">\u00a7 9<\/span><\/p>\n<p><span style=\"color: #000000;\">Om en styrelseledamot eller f\u00f6rvaltaren upps\u00e5tligen eller av oaktsamhet orsakar skada f\u00f6r stiftelsen d\u00e5 han fullg\u00f6r sitt uppdrag, skall han ers\u00e4tta skadan. Detsamma g\u00e4ller n\u00e4r skadan tillfogas n\u00e5gon annan genom \u00e5sidos\u00e4ttande av f\u00f6reskrifterna i stiftelsef\u00f6rordnandet eller denna lag.<\/span><\/p>\n<p style=\"text-align: center;\" align=\"center\"><span style=\"color: #000000;\">\u00a7 10<\/span><\/p>\n<p><span style=\"color: #000000;\">Styrelsens verksamhet granskas \u00e5rligen av auktoriserade revisorer, som v\u00e4ljs av G\u00f6teborgs kommunfullm\u00e4ktige.<\/span><\/p>\n<p><span style=\"color: #000000;\">Styrelsens protokoll och r\u00e4kenskaper f\u00f6r r\u00e4kenskaps\u00e5ret skall finnas tillg\u00e4ngliga f\u00f6r revisorerna senast den 1 mars d\u00e4rp\u00e5 f\u00f6ljande \u00e5r.<\/span><\/p>\n<p style=\"text-align: center;\" align=\"center\"><span style=\"color: #000000;\">\u00a7 11<\/span><\/p>\n<p><span style=\"color: #000000;\">\u00c4ndring av detta reglemente beslutas av stadsfullm\u00e4ktige p\u00e5 f\u00f6rslag av styrelsen, dock st\u00e4dse med iakttagande av de \u00e4nkefru Caroline Wijk meddelade f\u00f6reskrifterna med avseende \u00e5 stiftelsens \u00e4ndam\u00e5l.<\/span><\/td>\n<\/tr>\n<\/tbody>\n<\/table>\n","protected":false},"excerpt":{"rendered":"<p>Reglemente f\u00f6r stiftelsen Caroline Wijks sjuksk\u00f6terskehem\u00a0 \u00a7 1 Stiftelsens bildandegrundar sig p\u00e5 best\u00e4mmelserna i en av \u00e4nkefru Caroline Wijk till G\u00f6teborgs dr\u00e4tselkammare ingiven skrivelse av den 29 november 1915 och ett av henne den 20 oktober 1916 uppr\u00e4ttat testamente. Dessa tv\u00e5 donationsurkunder finnas intagna i G\u00f6teborgs stadsfullm\u00e4ktiges tryckta handling n:o\u00a0109 f\u00f6r \u00e5r 1918. Stiftelsens ben\u00e4mning [&hellip;]<\/p>\n","protected":false},"author":3,"featured_media":0,"parent":0,"menu_order":0,"comment_status":"closed","ping_status":"closed","template":"","meta":{"_exactmetrics_skip_tracking":false,"_exactmetrics_sitenote_active":false,"_exactmetrics_sitenote_note":"","_exactmetrics_sitenote_category":0,"footnotes":""},"class_list":["post-29","page","type-page","status-publish","hentry"],"_links":{"self":[{"href":"https:\/\/carolinewijk.se\/index.php?rest_route=\/wp\/v2\/pages\/29","targetHints":{"allow":["GET"]}}],"collection":[{"href":"https:\/\/carolinewijk.se\/index.php?rest_route=\/wp\/v2\/pages"}],"about":[{"href":"https:\/\/carolinewijk.se\/index.php?rest_route=\/wp\/v2\/types\/page"}],"author":[{"embeddable":true,"href":"https:\/\/carolinewijk.se\/index.php?rest_route=\/wp\/v2\/users\/3"}],"replies":[{"embeddable":true,"href":"https:\/\/carolinewijk.se\/index.php?rest_route=%2Fwp%2Fv2%2Fcomments&post=29"}],"version-history":[{"count":5,"href":"https:\/\/carolinewijk.se\/index.php?rest_route=\/wp\/v2\/pages\/29\/revisions"}],"predecessor-version":[{"id":339,"href":"https:\/\/carolinewijk.se\/index.php?rest_route=\/wp\/v2\/pages\/29\/revisions\/339"}],"wp:attachment":[{"href":"https:\/\/carolinewijk.se\/index.php?rest_route=%2Fwp%2Fv2%2Fmedia&parent=29"}],"curies":[{"name":"wp","href":"https:\/\/api.w.org\/{rel}","templated":true}]}}