{"id":27,"date":"2014-03-31T18:07:10","date_gmt":"2014-03-31T16:07:10","guid":{"rendered":"http:\/\/carolinewijk.se\/?page_id=27"},"modified":"2019-04-15T14:03:53","modified_gmt":"2019-04-15T12:03:53","slug":"caroline-wijk-1847-1918","status":"publish","type":"page","link":"https:\/\/carolinewijk.se\/?page_id=27","title":{"rendered":"Caroline Wijk 1847 \u2013 1918"},"content":{"rendered":"<h1><a style=\"font-size: 14px; line-height: 1.5em;\" href=\"https:\/\/carolinewijk.se\/wp-content\/uploads\/2014\/03\/Caroline400.jpg\"><img loading=\"lazy\" decoding=\"async\" class=\"alignnone size-full wp-image-11\" src=\"https:\/\/carolinewijk.se\/wp-content\/uploads\/2014\/03\/Caroline400.jpg\" alt=\"Caroline400\" width=\"400\" height=\"505\" srcset=\"https:\/\/carolinewijk.se\/wp-content\/uploads\/2014\/03\/Caroline400.jpg 400w, https:\/\/carolinewijk.se\/wp-content\/uploads\/2014\/03\/Caroline400-237x300.jpg 237w, https:\/\/carolinewijk.se\/wp-content\/uploads\/2014\/03\/Caroline400-100x126.jpg 100w, https:\/\/carolinewijk.se\/wp-content\/uploads\/2014\/03\/Caroline400-150x189.jpg 150w, https:\/\/carolinewijk.se\/wp-content\/uploads\/2014\/03\/Caroline400-200x252.jpg 200w, https:\/\/carolinewijk.se\/wp-content\/uploads\/2014\/03\/Caroline400-300x378.jpg 300w\" sizes=\"auto, (max-width: 400px) 100vw, 400px\" \/><\/a><\/h1>\n<p>Caroline Dickson, f\u00f6dd 17 oktober 1846 i London, d\u00f6d 28 februari 1918 i Stockholm, dotter tillk\u00f6pmansfursten\u00a0James J:son Dickson och Eleonore\u00a0Willerding\u00a0p\u00e5 \u00d6ver\u00e5s.<\/p>\n<p>Sl\u00e4kten Dickson h\u00e4rstammar fr\u00e5n Skottland och kom vid 1800-talets b\u00f6rjan till G\u00f6teborg.<\/p>\n<p>Hon gifte sig den 8 september 1870 i \u00d6rgryte med Olof Wijk d.y., f\u00f6dd\u00a021 juli 1833\u00a0i G\u00f6teborg, d\u00f6d 17 september 1901 som var son till grosshandlare Olof Per Wijk och Hilda Virginia Prytz.<\/p>\n<p>De hade tre barn: Olof (28 december 1874 &#8211; 24 mars 1896),\u00a0grosshandlaren och riksdagsmannen Hjalmar Wijk (1877-1965) samt\u00a0Eleonora &#8221;Ella&#8221; (1880-1970), gift 1:o med legationsr\u00e5det greve\u00a0Eug\u00e9n\u00a0von Rosen p\u00e5 \u00d6rbyhus och 2:o 1927 med professor Johan Henning Waldenstr\u00f6m.<\/p>\n<p>Sl\u00e4kten Dickson k\u00e4nde ett stort samh\u00e4llsansvar och socialt engagemang och hon och Olof donerade avsev\u00e4rda penningsummor till institutioner och verksamheter i G\u00f6teborg.<\/p>\n<p><b style=\"font-size: 14px; line-height: 1.5em;\">Bakgrund till donationen<br \/>\n<\/b>I b\u00f6rjan av 1900-talet skedde mycket av v\u00e5rden i hemmet med en s.k. privatsk\u00f6terska. Vanligt var att sjuksk\u00f6terskan \u00e4ven hade sin bostad i hemmet d\u00e4r v\u00e5rden skedde. Vid denna tiden var det inte heller brukligt att sjuksk\u00f6terskorna gifte sig och d\u00e4rf\u00f6r heller oftast inte hade n\u00e5gra barn, som kunde vara behj\u00e4lpliga med f\u00f6rs\u00f6rjningen. Varf\u00f6r det oftast var mycket besv\u00e4rligt f\u00f6r m\u00e5nga sjusk\u00f6terskor, om de skulle drabbas av n\u00e5gon sjukdom, s\u00e5 det inte kunde ut\u00f6va sitt yrke och ocks\u00e5 d\u00e4rvid f\u00e5 en inkomst.<\/p>\n<p>Detta kom till Caroline Wijks k\u00e4nnedom, n\u00e4r hon en dag var tvungen att tillkalla en sjusk\u00f6terska till sin kokerska som hastigt hade insjuknat. Caroline k\u00e4nde att hon m\u00e5ste g\u00f6ra n\u00e5got f\u00f6r denna yrkesgrupp, som gjorde en s\u00e5n stort insats i samh\u00e4llet. D\u00e4rf\u00f6r best\u00e4mde hon och maken Olof sig f\u00f6r att donera pengar till ett hus f\u00f6r sjuksk\u00f6terskor, som inte kunde arbeta och beh\u00f6vde en fristad d\u00e4r de kunde leva och bo.<\/p>\n<p>1915 ordnade Fru Wijk med arrende av den centralt bel\u00e4gna tomten p\u00e5 Vasa Kyrkogata nr 5. Arkitekten Ernst\u00a0Thorulf\u00a0fick uppdraget att g\u00f6ra ritningar \u00e5t Anna L\u00f6nnerblad &#8211; Sophiasyster och f\u00f6rest\u00e5ndarinna f\u00f6r sjuksk\u00f6terskebyr\u00e5n. 1919 stod huset klart f\u00f6r inflyttning, tyv\u00e4rr hade Fru Wijk avlidit \u00e5ret innan, s\u00e5 hon fick inte sj\u00e4lv uppleva invigningen av huset.<\/p>\n<p>1919 fastst\u00e4lldes det reglemente f\u00f6r Stiftelsen Caroline Wijks Sjuksk\u00f6terskehem och det uts\u00e5gs \u00e4ven en styrelse som skulle v\u00e5rda fastigheten och f\u00f6rvalta den fond som avsatts till fastighetens underh\u00e5ll (100.000 kronor).<b><\/b><\/p>\n<p><b>Administration och ekonomi<br \/>\n<\/b>Sjuksk\u00f6terskehemmets verksamhet beskrivs i ett kortfattat diarium av Hjalmar Wijk son, till Caroline och Olof Wijk. Inackorderingsavgiften 1921 var 175 kronor, 1944 var avgiften 310 kronor per m\u00e5nad. Tyv\u00e4rr var avgiften s\u00e5 l\u00e5g och huset beh\u00f6vdes underh\u00e5llas och prisl\u00e4get under andra v\u00e4rldskriget vag mycket h\u00f6g, 1940 hade man en f\u00f6rlust p\u00e5 ca 7000 kronor. Man f\u00f6rs\u00f6kte d\u00e5 kompensera f\u00f6rlusten med en h\u00f6jning av avgiften mm, nu f\u00f6ljde en tid n\u00e4r man f\u00f6rs\u00f6kte att hitta andra utv\u00e4gar f\u00f6r att f\u00e5 en h\u00f6gre inkomst till hemmet. Man b\u00f6rjade hyra ut lokaler till bland annat hemsysterskola som flyttade in 1943, detta var inte riktigt vad som var \u00e4ndam\u00e5len med sjuksk\u00f6terskehemmet och f\u00f6r\u00e4ndringen f\u00f6rbereddes utan att sjuksk\u00f6terskorna och svensk sjuksk\u00f6terskef\u00f6renings lokalavdelning hade vetskap om detta. Hugo H\u00f6glund tog d\u00e5 kontakt med d\u00e5varande ordf\u00f6rande f\u00f6r lokalavdelning Brita K\u00e4llstr\u00f6m och undrade om inte sjuksk\u00f6terskorna var intresserade av hemmet. Nu b\u00f6rjade en arbetsam tid f\u00f6r SSF:s lokalavdelning. SSF:s avdelning skrev till L\u00e4nsstyrelsen att donationens best\u00e4mmelser kr\u00e4nkts och anh\u00f6ll om \u00e5tg\u00e4rder s\u00e5 att hemmet \u00e5ter blev disponibelt f\u00f6r sjuksk\u00f6terskorna i G\u00f6teborg.\u00a0\u00a0Stiftelsens styrelse kr\u00e4vde ekonomiska garantier av sjuksk\u00f6terskorna f\u00f6r att f\u00e5 hyresr\u00e4tten. 1949 var det klart att SSF:s lokalavdelning skulle svara f\u00f6r driftskostnader under f\u00f6ruts\u00e4ttning att avkastningen av donationens fonder finge anv\u00e4ndas till beh\u00f6vliga reparationer av huset.<\/p>\n<p>SSF:s\u00a0lokalavdelning skulle ocks\u00e5 f\u00e5 hyra hemmet utan att erl\u00e4gga hyran, men ist\u00e4llet svara f\u00f6r l\u00f6n till personal och den inre driften. Den yttre driften skulle stiftelsen alltj\u00e4mt st\u00e5 f\u00f6r. 1950 gjordes en st\u00f6rre reparation och renovering av huset som uppgick till 145.000 kronor.<\/p>\n<p><b>Det \u201dnya\u201d sjuksk\u00f6terskehemmet<br \/>\n<\/b>De sjuksk\u00f6terskor som nu bodde kvar, fick sj\u00e4lv s\u00f6rja f\u00f6r mat, tv\u00e4tt, st\u00e4dning etc. Vissa rum fick pentry, rum utan pentry fick ett gemensamhets k\u00f6k. Denna nyordning upplevdes till en b\u00f6rjan inte helt positivt. Man hade och en utbredd utbildningsverksamhet b\u00e5de i botten och \u00f6verv\u00e5ning, med m\u00e5nga m\u00e4nniskor som r\u00f6rde sig i huset. Hemmet var kanske inte l\u00e4ngre den lugna milj\u00f6 man varit van vid och som det var t\u00e4nkt fr\u00e5n b\u00f6rjan. Men n\u00f6den har ingen lag och s\u00e5 sm\u00e5ningom fungerade allt i gott samf\u00f6rst\u00e5nd.<\/p>\n<p>1964 hyrde G\u00f6teborgs Konditorskolan k\u00e4llarv\u00e5ningen. I dessa lokaler blev det f\u00f6rel\u00e4sningssalar f\u00f6r avdelningssk\u00f6terskekurser. 1956 fanns det ocks\u00e5 en arbetsf\u00f6rmedling f\u00f6r sjuksk\u00f6terskor i hemmet. Under 1970-talet bedrev sjukv\u00e5rdsf\u00f6rvaltningen dagcenter f\u00f6r f\u00f6re detta patienter fr\u00e5n Lillhagens sjukhus. 1974 flyttade sjuksk\u00f6terskornas i G\u00f6teborg fackliga verksamhet. Rummen i \u00f6vrigt hyrdes ut till studerande och yrkesut\u00f6vare inom v\u00e5rdsektorn.<\/p>\n<p><b><\/b><b>Uthyrning i dag<br \/>\n<\/b>Idag best\u00e5r hemmet av 31 rum som hyrs av studerande och yrkesut\u00f6vare inom v\u00e5rdsektorn. Salongerna p\u00e5 1:a v\u00e5ningen hyrs ut till olika sammankomster.<\/p>\n<p>Rummen \u00e4r p\u00e5 ca 15-25 kvm, 5 stycken har pentry. Ett gemensamhets k\u00f6k, allrum. Dusch och toalett finns p\u00e5 varje v\u00e5ning.<\/p>\n<p>En intendent ansvarar f\u00f6r ekonomi och f\u00f6rvaltning av fastigheten.<\/p>\n","protected":false},"excerpt":{"rendered":"<p>Caroline Dickson, f\u00f6dd 17 oktober 1846 i London, d\u00f6d 28 februari 1918 i Stockholm, dotter tillk\u00f6pmansfursten\u00a0James J:son Dickson och Eleonore\u00a0Willerding\u00a0p\u00e5 \u00d6ver\u00e5s. Sl\u00e4kten Dickson h\u00e4rstammar fr\u00e5n Skottland och kom vid 1800-talets b\u00f6rjan till G\u00f6teborg. Hon gifte sig den 8 september 1870 i \u00d6rgryte med Olof Wijk d.y., f\u00f6dd\u00a021 juli 1833\u00a0i G\u00f6teborg, d\u00f6d 17 september 1901 som [&hellip;]<\/p>\n","protected":false},"author":3,"featured_media":0,"parent":0,"menu_order":0,"comment_status":"closed","ping_status":"closed","template":"","meta":{"_exactmetrics_skip_tracking":false,"_exactmetrics_sitenote_active":false,"_exactmetrics_sitenote_note":"","_exactmetrics_sitenote_category":0,"footnotes":""},"class_list":["post-27","page","type-page","status-publish","hentry"],"_links":{"self":[{"href":"https:\/\/carolinewijk.se\/index.php?rest_route=\/wp\/v2\/pages\/27","targetHints":{"allow":["GET"]}}],"collection":[{"href":"https:\/\/carolinewijk.se\/index.php?rest_route=\/wp\/v2\/pages"}],"about":[{"href":"https:\/\/carolinewijk.se\/index.php?rest_route=\/wp\/v2\/types\/page"}],"author":[{"embeddable":true,"href":"https:\/\/carolinewijk.se\/index.php?rest_route=\/wp\/v2\/users\/3"}],"replies":[{"embeddable":true,"href":"https:\/\/carolinewijk.se\/index.php?rest_route=%2Fwp%2Fv2%2Fcomments&post=27"}],"version-history":[{"count":5,"href":"https:\/\/carolinewijk.se\/index.php?rest_route=\/wp\/v2\/pages\/27\/revisions"}],"predecessor-version":[{"id":345,"href":"https:\/\/carolinewijk.se\/index.php?rest_route=\/wp\/v2\/pages\/27\/revisions\/345"}],"wp:attachment":[{"href":"https:\/\/carolinewijk.se\/index.php?rest_route=%2Fwp%2Fv2%2Fmedia&parent=27"}],"curies":[{"name":"wp","href":"https:\/\/api.w.org\/{rel}","templated":true}]}}